{"id":229,"date":"2026-01-18T09:52:24","date_gmt":"2026-01-18T08:52:24","guid":{"rendered":"https:\/\/golubac-glamping.rs\/%d0%be-%d0%bd%d0%b0%d0%bc%d0%b0\/"},"modified":"2026-01-28T17:46:02","modified_gmt":"2026-01-28T16:46:02","slug":"%d0%be-%d0%bd%d0%b0%d0%bc%d0%b0","status":"publish","type":"page","link":"https:\/\/golubac-glamping.rs\/en\/%d0%be-%d0%bd%d0%b0%d0%bc%d0%b0\/","title":{"rendered":"About"},"content":{"rendered":"<div class=\"wp-block-group alignfull is-style-ext-preset--group--natural-1--section has-background-background-color has-background has-global-padding is-layout-constrained wp-container-core-group-is-layout-6714b1d7 wp-block-group-is-layout-constrained\" id=\"o-nama\" style=\"margin-top:0;margin-bottom:0;padding-top:var(--wp--preset--spacing--70);padding-bottom:var(--wp--preset--spacing--70)\">\n<div class=\"wp-block-group alignwide is-vertical is-content-justification-center is-layout-flex wp-container-core-group-is-layout-c9ee0c5a wp-block-group-is-layout-flex\">\n<div class=\"wp-block-group has-global-padding is-layout-constrained wp-container-core-group-is-layout-2287c683 wp-block-group-is-layout-constrained\">\n<h2 class=\"wp-block-heading has-text-align-center\">Glamping bungalows with amazing view of the Danube<\/h2>\n\n\n\n<p class=\"has-text-align-center\">\"Dawn to Dusk\" offers environmentally sustainable accommodation in nature, combining comfort with inspiring nature.<\/p>\n<\/div>\n<\/div>\n\n\n\n<div class=\"wp-block-columns alignwide is-layout-flex wp-container-core-columns-is-layout-28f84493 wp-block-columns-is-layout-flex\">\n<div class=\"wp-block-column is-layout-flow wp-block-column-is-layout-flow\">\n<figure class=\"wp-block-image size-large is-style-ext-preset-image-natural-1-image-1--content-bottom is-style-ext-preset--image--natural-1--image-1--content-bottom is-style-ext-preset--image--natural-1--image-1--content-bottom--2\"><img decoding=\"async\" width=\"1024\" height=\"768\" data-src=\"https:\/\/golubac-glamping.rs\/wp-content\/uploads\/2026\/01\/IMG_20250723_124723-1024x768.jpg\" alt=\"\" class=\"wp-image-289 lazyload\" style=\"--smush-placeholder-width: 1024px; --smush-placeholder-aspect-ratio: 1024\/768;aspect-ratio:3\/4;object-fit:cover\" data-srcset=\"https:\/\/golubac-glamping.rs\/wp-content\/uploads\/2026\/01\/IMG_20250723_124723-1024x768.jpg 1024w, https:\/\/golubac-glamping.rs\/wp-content\/uploads\/2026\/01\/IMG_20250723_124723-300x225.jpg 300w, https:\/\/golubac-glamping.rs\/wp-content\/uploads\/2026\/01\/IMG_20250723_124723-768x576.jpg 768w, https:\/\/golubac-glamping.rs\/wp-content\/uploads\/2026\/01\/IMG_20250723_124723-16x12.jpg 16w, https:\/\/golubac-glamping.rs\/wp-content\/uploads\/2026\/01\/IMG_20250723_124723.jpg 1071w\" data-sizes=\"(max-width: 1024px) 100vw, 1024px\" src=\"data:image\/svg+xml;base64,PHN2ZyB3aWR0aD0iMSIgaGVpZ2h0PSIxIiB4bWxucz0iaHR0cDovL3d3dy53My5vcmcvMjAwMC9zdmciPjwvc3ZnPg==\" \/><\/figure>\n<\/div>\n\n\n\n<div class=\"wp-block-column is-layout-flow wp-block-column-is-layout-flow\">\n<figure class=\"wp-block-image size-large is-style-ext-preset-image-natural-1-image-1--content-bottom is-style-ext-preset--image--natural-1--image-1--content-bottom is-style-ext-preset--image--natural-1--image-1--content-bottom--3\"><img decoding=\"async\" width=\"1024\" height=\"768\" data-src=\"https:\/\/golubac-glamping.rs\/wp-content\/uploads\/2026\/01\/20230812_052358-1024x768.jpg\" alt=\"\" class=\"wp-image-291 lazyload\" style=\"--smush-placeholder-width: 1024px; --smush-placeholder-aspect-ratio: 1024\/768;aspect-ratio:3\/4;object-fit:cover\" data-srcset=\"https:\/\/golubac-glamping.rs\/wp-content\/uploads\/2026\/01\/20230812_052358-1024x768.jpg 1024w, https:\/\/golubac-glamping.rs\/wp-content\/uploads\/2026\/01\/20230812_052358-300x225.jpg 300w, https:\/\/golubac-glamping.rs\/wp-content\/uploads\/2026\/01\/20230812_052358-768x576.jpg 768w, https:\/\/golubac-glamping.rs\/wp-content\/uploads\/2026\/01\/20230812_052358-16x12.jpg 16w, https:\/\/golubac-glamping.rs\/wp-content\/uploads\/2026\/01\/20230812_052358.jpg 1071w\" data-sizes=\"(max-width: 1024px) 100vw, 1024px\" src=\"data:image\/svg+xml;base64,PHN2ZyB3aWR0aD0iMSIgaGVpZ2h0PSIxIiB4bWxucz0iaHR0cDovL3d3dy53My5vcmcvMjAwMC9zdmciPjwvc3ZnPg==\" \/><\/figure>\n<\/div>\n\n\n\n<div class=\"wp-block-column is-layout-flow wp-block-column-is-layout-flow\">\n<figure class=\"wp-block-image size-large is-style-ext-preset-image-natural-1-image-1--content-bottom is-style-ext-preset--image--natural-1--image-1--content-bottom is-style-ext-preset--image--natural-1--image-1--content-bottom--4\"><img decoding=\"async\" width=\"1024\" height=\"768\" data-src=\"https:\/\/golubac-glamping.rs\/wp-content\/uploads\/2026\/01\/20250404_133631-1024x768.jpg\" alt=\"\" class=\"wp-image-293 lazyload\" style=\"--smush-placeholder-width: 1024px; --smush-placeholder-aspect-ratio: 1024\/768;aspect-ratio:3\/4;object-fit:cover\" data-srcset=\"https:\/\/golubac-glamping.rs\/wp-content\/uploads\/2026\/01\/20250404_133631-1024x768.jpg 1024w, https:\/\/golubac-glamping.rs\/wp-content\/uploads\/2026\/01\/20250404_133631-300x225.jpg 300w, https:\/\/golubac-glamping.rs\/wp-content\/uploads\/2026\/01\/20250404_133631-768x576.jpg 768w, https:\/\/golubac-glamping.rs\/wp-content\/uploads\/2026\/01\/20250404_133631-1536x1152.jpg 1536w, https:\/\/golubac-glamping.rs\/wp-content\/uploads\/2026\/01\/20250404_133631-2048x1536.jpg 2048w, https:\/\/golubac-glamping.rs\/wp-content\/uploads\/2026\/01\/20250404_133631-16x12.jpg 16w\" data-sizes=\"(max-width: 1024px) 100vw, 1024px\" src=\"data:image\/svg+xml;base64,PHN2ZyB3aWR0aD0iMSIgaGVpZ2h0PSIxIiB4bWxucz0iaHR0cDovL3d3dy53My5vcmcvMjAwMC9zdmciPjwvc3ZnPg==\" \/><\/figure>\n<\/div>\n<\/div>\n<\/div>\n\n\n\n<div class=\"wp-block-group alignfull is-style-ext-preset--group--natural-1--section has-tertiary-background-color has-background has-global-padding is-layout-constrained wp-container-core-group-is-layout-f72f1611 wp-block-group-is-layout-constrained\" id=\"galerija\" style=\"margin-top:0;margin-bottom:0;padding-top:var(--wp--preset--spacing--70);padding-bottom:var(--wp--preset--spacing--70)\">\n<div class=\"wp-block-group alignwide is-vertical is-layout-flex wp-container-core-group-is-layout-c35747d5 wp-block-group-is-layout-flex\">\n<div class=\"wp-block-group has-global-padding is-layout-constrained wp-container-core-group-is-layout-5e05634a wp-block-group-is-layout-constrained\">\n<h2 class=\"wp-block-heading\">Unique accommodation in Eastern Serbia \u2013 glamping in the embrace of nature<\/h2>\n\n\n\n<p class=\"has-text-align-left\">Check out our gallery showing magical moments and the beautiful landscape around our bungalows. Glamping in Serbia with a beautiful panoramic view of the Danube and the Romanian coast.<\/p>\n<\/div>\n<\/div>\n\n\n\n<div class=\"wp-block-columns alignwide is-layout-flex wp-container-core-columns-is-layout-87beb0d0 wp-block-columns-is-layout-flex\">\n<div class=\"wp-block-column is-vertically-aligned-top is-layout-flow wp-container-core-column-is-layout-f5bb311e wp-block-column-is-layout-flow\">\n<figure class=\"wp-block-image size-large is-style-ext-preset--image--natural-1--image-1--content-bottom is-style-ext-preset--image--natural-1--image-1--content-bottom--6\"><img decoding=\"async\" width=\"1024\" height=\"669\" data-src=\"https:\/\/golubac-glamping.rs\/wp-content\/uploads\/2026\/01\/20250625_110458-1024x669.jpg\" alt=\"\" class=\"wp-image-294 lazyload\" style=\"--smush-placeholder-width: 1024px; --smush-placeholder-aspect-ratio: 1024\/669;aspect-ratio:1;object-fit:cover\" data-srcset=\"https:\/\/golubac-glamping.rs\/wp-content\/uploads\/2026\/01\/20250625_110458-1024x669.jpg 1024w, https:\/\/golubac-glamping.rs\/wp-content\/uploads\/2026\/01\/20250625_110458-300x196.jpg 300w, https:\/\/golubac-glamping.rs\/wp-content\/uploads\/2026\/01\/20250625_110458-768x502.jpg 768w, https:\/\/golubac-glamping.rs\/wp-content\/uploads\/2026\/01\/20250625_110458-18x12.jpg 18w, https:\/\/golubac-glamping.rs\/wp-content\/uploads\/2026\/01\/20250625_110458.jpg 1229w\" data-sizes=\"(max-width: 1024px) 100vw, 1024px\" src=\"data:image\/svg+xml;base64,PHN2ZyB3aWR0aD0iMSIgaGVpZ2h0PSIxIiB4bWxucz0iaHR0cDovL3d3dy53My5vcmcvMjAwMC9zdmciPjwvc3ZnPg==\" \/><\/figure>\n\n\n\n<figure class=\"wp-block-image size-large is-style-ext-preset--image--natural-1--image-1--content-right is-style-ext-preset--image--natural-1--image-1--content-right--7\"><img decoding=\"async\" width=\"1024\" height=\"780\" data-src=\"https:\/\/golubac-glamping.rs\/wp-content\/uploads\/2026\/01\/20250514_191345-1024x780.jpg\" alt=\"\" class=\"wp-image-296 lazyload\" style=\"--smush-placeholder-width: 1024px; --smush-placeholder-aspect-ratio: 1024\/780;aspect-ratio:4\/3;object-fit:cover\" data-srcset=\"https:\/\/golubac-glamping.rs\/wp-content\/uploads\/2026\/01\/20250514_191345-1024x780.jpg 1024w, https:\/\/golubac-glamping.rs\/wp-content\/uploads\/2026\/01\/20250514_191345-300x229.jpg 300w, https:\/\/golubac-glamping.rs\/wp-content\/uploads\/2026\/01\/20250514_191345-768x585.jpg 768w, https:\/\/golubac-glamping.rs\/wp-content\/uploads\/2026\/01\/20250514_191345-16x12.jpg 16w, https:\/\/golubac-glamping.rs\/wp-content\/uploads\/2026\/01\/20250514_191345.jpg 1054w\" data-sizes=\"(max-width: 1024px) 100vw, 1024px\" src=\"data:image\/svg+xml;base64,PHN2ZyB3aWR0aD0iMSIgaGVpZ2h0PSIxIiB4bWxucz0iaHR0cDovL3d3dy53My5vcmcvMjAwMC9zdmciPjwvc3ZnPg==\" \/><\/figure>\n<\/div>\n\n\n\n<div class=\"wp-block-column is-vertically-aligned-top is-layout-flow wp-container-core-column-is-layout-f5bb311e wp-block-column-is-layout-flow\">\n<figure class=\"wp-block-image size-large is-style-ext-preset--image--natural-1--image-1--content-left is-style-ext-preset--image--natural-1--image-1--content-left--8\"><img decoding=\"async\" width=\"1024\" height=\"768\" data-src=\"https:\/\/golubac-glamping.rs\/wp-content\/uploads\/2026\/01\/20240621_070919-1024x768.jpg\" alt=\"\" class=\"wp-image-295 lazyload\" style=\"--smush-placeholder-width: 1024px; --smush-placeholder-aspect-ratio: 1024\/768;aspect-ratio:4\/3;object-fit:cover\" data-srcset=\"https:\/\/golubac-glamping.rs\/wp-content\/uploads\/2026\/01\/20240621_070919-1024x768.jpg 1024w, https:\/\/golubac-glamping.rs\/wp-content\/uploads\/2026\/01\/20240621_070919-300x225.jpg 300w, https:\/\/golubac-glamping.rs\/wp-content\/uploads\/2026\/01\/20240621_070919-768x576.jpg 768w, https:\/\/golubac-glamping.rs\/wp-content\/uploads\/2026\/01\/20240621_070919-16x12.jpg 16w, https:\/\/golubac-glamping.rs\/wp-content\/uploads\/2026\/01\/20240621_070919.jpg 1071w\" data-sizes=\"(max-width: 1024px) 100vw, 1024px\" src=\"data:image\/svg+xml;base64,PHN2ZyB3aWR0aD0iMSIgaGVpZ2h0PSIxIiB4bWxucz0iaHR0cDovL3d3dy53My5vcmcvMjAwMC9zdmciPjwvc3ZnPg==\" \/><\/figure>\n\n\n\n<figure class=\"wp-block-image size-large is-style-ext-preset--image--natural-1--image-1--content-left is-style-ext-preset--image--natural-1--image-1--content-left--9\"><img decoding=\"async\" width=\"1024\" height=\"531\" data-src=\"https:\/\/golubac-glamping.rs\/wp-content\/uploads\/2026\/01\/20250625_110352-1024x531.jpg\" alt=\"\" class=\"wp-image-297 lazyload\" style=\"--smush-placeholder-width: 1024px; --smush-placeholder-aspect-ratio: 1024\/531;aspect-ratio:1;object-fit:cover\" data-srcset=\"https:\/\/golubac-glamping.rs\/wp-content\/uploads\/2026\/01\/20250625_110352-1024x531.jpg 1024w, https:\/\/golubac-glamping.rs\/wp-content\/uploads\/2026\/01\/20250625_110352-300x156.jpg 300w, https:\/\/golubac-glamping.rs\/wp-content\/uploads\/2026\/01\/20250625_110352-768x398.jpg 768w, https:\/\/golubac-glamping.rs\/wp-content\/uploads\/2026\/01\/20250625_110352-1536x796.jpg 1536w, https:\/\/golubac-glamping.rs\/wp-content\/uploads\/2026\/01\/20250625_110352-18x9.jpg 18w, https:\/\/golubac-glamping.rs\/wp-content\/uploads\/2026\/01\/20250625_110352.jpg 1549w\" data-sizes=\"(max-width: 1024px) 100vw, 1024px\" src=\"data:image\/svg+xml;base64,PHN2ZyB3aWR0aD0iMSIgaGVpZ2h0PSIxIiB4bWxucz0iaHR0cDovL3d3dy53My5vcmcvMjAwMC9zdmciPjwvc3ZnPg==\" \/><\/figure>\n<\/div>\n<\/div>\n<\/div>\n\n\n\n<div class=\"wp-block-group alignfull is-style-ext-preset--group--natural-1--section has-background-background-color has-background has-global-padding is-layout-constrained wp-container-core-group-is-layout-e955bbaf wp-block-group-is-layout-constrained\" style=\"margin-top:0;margin-bottom:0;padding-top:var(--wp--preset--spacing--70);padding-bottom:var(--wp--preset--spacing--70)\">\n<div class=\"wp-block-group alignwide is-vertical is-content-justification-center is-layout-flex wp-container-core-group-is-layout-c9ee0c5a wp-block-group-is-layout-flex\">\n<div class=\"wp-block-group has-global-padding is-layout-constrained wp-container-core-group-is-layout-5e05634a wp-block-group-is-layout-constrained\">\n<h2 class=\"wp-block-heading has-text-align-center\">Enjoy a unique stay in harmony with nature<\/h2>\n\n\n\n<p class=\"has-text-align-center\">Our glamping accommodation offers an exclusive touch of nature and comfort in eastern Serbia, with the stunning landscape of eastern Serbia nearby <a href=\"https:\/\/inspiracijadunav.rs\/\" target=\"_blank\" rel=\"noopener\" title=\"unique historical sites\">unique historical sites<\/a>.<\/p>\n<\/div>\n<\/div>\n\n\n\n<div class=\"wp-block-columns alignwide is-layout-flex wp-container-core-columns-is-layout-08c01c1c wp-block-columns-is-layout-flex\">\n<div class=\"wp-block-column is-vertically-aligned-stretch is-layout-flow wp-container-core-column-is-layout-f5bb311e wp-block-column-is-layout-flow\">\n<div class=\"wp-block-group is-style-ext-preset--group--natural-1--item-card-1--align-center has-global-padding is-layout-constrained wp-block-group-is-layout-constrained is-style-ext-preset--group--natural-1--item-card-1--align-center--11\">\n<figure class=\"wp-block-image aligncenter size-full ext-aspect-landscape\"><img decoding=\"async\" width=\"803\" height=\"803\" data-src=\"https:\/\/golubac-glamping.rs\/wp-content\/uploads\/2026\/01\/20230812_055645.jpg\" alt=\"\" class=\"wp-image-298 lazyload\" style=\"--smush-placeholder-width: 803px; --smush-placeholder-aspect-ratio: 803\/803;aspect-ratio:4\/3;object-fit:cover\" data-srcset=\"https:\/\/golubac-glamping.rs\/wp-content\/uploads\/2026\/01\/20230812_055645.jpg 803w, https:\/\/golubac-glamping.rs\/wp-content\/uploads\/2026\/01\/20230812_055645-300x300.jpg 300w, https:\/\/golubac-glamping.rs\/wp-content\/uploads\/2026\/01\/20230812_055645-150x150.jpg 150w, https:\/\/golubac-glamping.rs\/wp-content\/uploads\/2026\/01\/20230812_055645-768x768.jpg 768w, https:\/\/golubac-glamping.rs\/wp-content\/uploads\/2026\/01\/20230812_055645-12x12.jpg 12w\" data-sizes=\"(max-width: 803px) 100vw, 803px\" src=\"data:image\/svg+xml;base64,PHN2ZyB3aWR0aD0iMSIgaGVpZ2h0PSIxIiB4bWxucz0iaHR0cDovL3d3dy53My5vcmcvMjAwMC9zdmciPjwvc3ZnPg==\" \/><\/figure>\n\n\n\n<div class=\"wp-block-group is-style-default has-global-padding is-layout-constrained wp-block-group-is-layout-constrained\">\n<h3 class=\"wp-block-heading has-text-align-center\">Natural environment<\/h3>\n\n\n\n<p class=\"has-text-align-center\">Wake up every morning to the view of the rising Sun shining into the Danube and the peace of nature that relaxes and renews your soul and body.<\/p>\n<\/div>\n<\/div>\n<\/div>\n\n\n\n<div class=\"wp-block-column is-vertically-aligned-stretch is-layout-flow wp-container-core-column-is-layout-f5bb311e wp-block-column-is-layout-flow\">\n<div class=\"wp-block-group is-style-ext-preset--group--natural-1--item-card-1--align-center has-global-padding is-layout-constrained wp-block-group-is-layout-constrained is-style-ext-preset--group--natural-1--item-card-1--align-center--12\">\n<figure class=\"wp-block-image aligncenter size-large ext-aspect-landscape\"><img decoding=\"async\" width=\"1024\" height=\"768\" data-src=\"https:\/\/golubac-glamping.rs\/wp-content\/uploads\/2026\/01\/20250404_170009-1-1024x768.jpg\" alt=\"\" class=\"wp-image-299 lazyload\" style=\"--smush-placeholder-width: 1024px; --smush-placeholder-aspect-ratio: 1024\/768;aspect-ratio:4\/3;object-fit:cover\" data-srcset=\"https:\/\/golubac-glamping.rs\/wp-content\/uploads\/2026\/01\/20250404_170009-1-1024x768.jpg 1024w, https:\/\/golubac-glamping.rs\/wp-content\/uploads\/2026\/01\/20250404_170009-1-300x225.jpg 300w, https:\/\/golubac-glamping.rs\/wp-content\/uploads\/2026\/01\/20250404_170009-1-768x576.jpg 768w, https:\/\/golubac-glamping.rs\/wp-content\/uploads\/2026\/01\/20250404_170009-1-16x12.jpg 16w, https:\/\/golubac-glamping.rs\/wp-content\/uploads\/2026\/01\/20250404_170009-1.jpg 1071w\" data-sizes=\"(max-width: 1024px) 100vw, 1024px\" src=\"data:image\/svg+xml;base64,PHN2ZyB3aWR0aD0iMSIgaGVpZ2h0PSIxIiB4bWxucz0iaHR0cDovL3d3dy53My5vcmcvMjAwMC9zdmciPjwvc3ZnPg==\" \/><\/figure>\n\n\n\n<div class=\"wp-block-group is-style-default has-global-padding is-layout-constrained wp-block-group-is-layout-constrained\">\n<h3 class=\"wp-block-heading has-text-align-center\">Ecological approach<\/h3>\n\n\n\n<p class=\"has-text-align-center\">The accommodation uses solar energy, promoting sustainability and care for the environment.<\/p>\n<\/div>\n<\/div>\n<\/div>\n\n\n\n<div class=\"wp-block-column is-vertically-aligned-stretch is-layout-flow wp-container-core-column-is-layout-f5bb311e wp-block-column-is-layout-flow\">\n<div class=\"wp-block-group is-style-ext-preset--group--natural-1--item-card-1--align-center has-global-padding is-layout-constrained wp-block-group-is-layout-constrained is-style-ext-preset--group--natural-1--item-card-1--align-center--13\">\n<figure class=\"wp-block-image aligncenter size-large ext-aspect-landscape\"><img decoding=\"async\" width=\"1024\" height=\"768\" data-src=\"https:\/\/golubac-glamping.rs\/wp-content\/uploads\/2026\/01\/20240828_123939-1-1024x768.jpg\" alt=\"\" class=\"wp-image-300 lazyload\" style=\"--smush-placeholder-width: 1024px; --smush-placeholder-aspect-ratio: 1024\/768;aspect-ratio:4\/3;object-fit:cover\" data-srcset=\"https:\/\/golubac-glamping.rs\/wp-content\/uploads\/2026\/01\/20240828_123939-1-1024x768.jpg 1024w, https:\/\/golubac-glamping.rs\/wp-content\/uploads\/2026\/01\/20240828_123939-1-300x225.jpg 300w, https:\/\/golubac-glamping.rs\/wp-content\/uploads\/2026\/01\/20240828_123939-1-768x576.jpg 768w, https:\/\/golubac-glamping.rs\/wp-content\/uploads\/2026\/01\/20240828_123939-1-16x12.jpg 16w, https:\/\/golubac-glamping.rs\/wp-content\/uploads\/2026\/01\/20240828_123939-1.jpg 1071w\" data-sizes=\"(max-width: 1024px) 100vw, 1024px\" src=\"data:image\/svg+xml;base64,PHN2ZyB3aWR0aD0iMSIgaGVpZ2h0PSIxIiB4bWxucz0iaHR0cDovL3d3dy53My5vcmcvMjAwMC9zdmciPjwvc3ZnPg==\" \/><\/figure>\n\n\n\n<div class=\"wp-block-group is-style-default has-global-padding is-layout-constrained wp-block-group-is-layout-constrained\">\n<h3 class=\"wp-block-heading\">Proximity to sights<\/h3>\n\n\n\n<p class=\"has-text-align-center\">The position next to the Golubac Fortress and Silver Lake allows easy access to cultural and natural beauties.<\/p>\n<\/div>\n<\/div>\n<\/div>\n<\/div>\n\n\n\n<div class=\"wp-block-buttons is-content-justification-center is-layout-flex wp-container-core-buttons-is-layout-a89b3969 wp-block-buttons-is-layout-flex\">\n<div class=\"wp-block-button is-style-ext-preset--button--natural-1--button-1 is-style-ext-preset--button--natural-1--button-1--14\"><a class=\"wp-block-button__link wp-element-button\" href=\"https:\/\/golubac-glamping.rs\/en\/%d0%bf%d0%be%d1%87%d0%b5%d1%82%d0%bd%d0%b0\/\">Learn more<\/a><\/div>\n<\/div>\n<\/div>","protected":false},"excerpt":{"rendered":"<p>Glamping bungalovi sa prelepim pogledom na Dunav \u201eOd svitanja do sumraka\u201c nudi ekolo\u0161ki odr\u017eiv sme\u0161taj u zadivljuju\u0107em prirodnom okru\u017eenju, kombinuju\u0107i udobnost sa inspirativnom prirodom. Jedinstveni sme\u0161taj na istoku Srbije \u2013 glamping u zagrljaju prirode Pogledajte na\u0161u galeriju koja prikazuje \u010darobne trenutke i predivan pejza\u017e oko na\u0161ih bungalova. Glamping u Srbiji sa predivnim panoranskim pogledom na [&hellip;]<\/p>","protected":false},"author":1,"featured_media":0,"parent":0,"menu_order":0,"comment_status":"closed","ping_status":"closed","template":"page-with-title","meta":{"om_disable_all_campaigns":false,"_monsterinsights_skip_tracking":false,"_monsterinsights_sitenote_active":false,"_monsterinsights_sitenote_note":"","_monsterinsights_sitenote_category":0,"footnotes":""},"class_list":["post-229","page","type-page","status-publish","hentry"],"aioseo_notices":[],"_links":{"self":[{"href":"https:\/\/golubac-glamping.rs\/en\/wp-json\/wp\/v2\/pages\/229","targetHints":{"allow":["GET"]}}],"collection":[{"href":"https:\/\/golubac-glamping.rs\/en\/wp-json\/wp\/v2\/pages"}],"about":[{"href":"https:\/\/golubac-glamping.rs\/en\/wp-json\/wp\/v2\/types\/page"}],"author":[{"embeddable":true,"href":"https:\/\/golubac-glamping.rs\/en\/wp-json\/wp\/v2\/users\/1"}],"replies":[{"embeddable":true,"href":"https:\/\/golubac-glamping.rs\/en\/wp-json\/wp\/v2\/comments?post=229"}],"version-history":[{"count":19,"href":"https:\/\/golubac-glamping.rs\/en\/wp-json\/wp\/v2\/pages\/229\/revisions"}],"predecessor-version":[{"id":654,"href":"https:\/\/golubac-glamping.rs\/en\/wp-json\/wp\/v2\/pages\/229\/revisions\/654"}],"wp:attachment":[{"href":"https:\/\/golubac-glamping.rs\/en\/wp-json\/wp\/v2\/media?parent=229"}],"curies":[{"name":"wp","href":"https:\/\/api.w.org\/{rel}","templated":true}]}}