{"id":233,"date":"2026-01-18T09:52:30","date_gmt":"2026-01-18T08:52:30","guid":{"rendered":"https:\/\/golubac-glamping.rs\/%d1%81%d0%bf%d0%b5%d1%86%d0%b8%d1%98%d0%b0%d0%bb%d0%bd%d0%b5-%d0%bf%d0%be%d0%bd%d1%83%d0%b4%d0%b5\/"},"modified":"2026-02-02T18:23:07","modified_gmt":"2026-02-02T17:23:07","slug":"%d1%81%d0%bf%d0%b5%d1%86%d0%b8%d1%98%d0%b0%d0%bb%d0%bd%d0%b5-%d0%bf%d0%be%d0%bd%d1%83%d0%b4%d0%b5","status":"publish","type":"page","link":"https:\/\/golubac-glamping.rs\/en\/%d1%81%d0%bf%d0%b5%d1%86%d0%b8%d1%98%d0%b0%d0%bb%d0%bd%d0%b5-%d0%bf%d0%be%d0%bd%d1%83%d0%b4%d0%b5\/","title":{"rendered":"Special Offer"},"content":{"rendered":"<div class=\"wp-block-group alignfull is-style-ext-preset--group--natural-1--section has-background-background-color has-background has-global-padding is-layout-constrained wp-block-group-is-layout-constrained\" style=\"margin-top:0;margin-bottom:0;padding-top:var(--wp--preset--spacing--70);padding-bottom:var(--wp--preset--spacing--70)\">\n<div class=\"wp-block-group alignwide is-vertical is-content-justification-center is-layout-flex wp-container-core-group-is-layout-c9ee0c5a wp-block-group-is-layout-flex\">\n<figure class=\"wp-block-image size-large wp-duotone-primary-foreground\"><img decoding=\"async\" src=\"data:image\/svg+xml;base64,PHN2ZyB4bWxucz0iaHR0cDovL3d3dy53My5vcmcvMjAwMC9zdmciIHdpZHRoPSI2NCIgaGVpZ2h0PSI2NCIgZmlsbD0iIzAwMDAwMCIgdmlld0JveD0iMCAwIDI1NiAyNTYiPjxwYXRoIGQ9Ik0xMTEuNDksNTIuNjNhMTUuOCwxNS44LDAsMCwwLTI2LDUuNzdMMzMsMjAyLjc4QTE1LjgzLDE1LjgzLDAsMCwwLDQ3Ljc2LDIyNGExNiwxNiwwLDAsMCw1LjQ2LTFsMTQ0LjM3LTUyLjVhMTUuOCwxNS44LDAsMCwwLDUuNzgtMjZabS04LjMzLDEzNS4yMS0zNS0zNSwxMy4xNi0zNi4yMSw1OC4wNSw1OC4wNVptLTU1LDIwLDE0LTM4LjQxLDI0LjQ1LDI0LjQ1Wk0xNTYsMTY4LjY0LDg3LjM2LDEwMGwxMy0zNS44Nyw5MS40Myw5MS40M1pNMTYwLDcyYTM3LjgsMzcuOCwwLDAsMSwzLjg0LTE1LjU4QzE2OS4xNCw0NS44MywxNzkuMTQsNDAsMTkyLDQwYzYuNywwLDExLTIuMjksMTMuNjUtNy4yMUEyMiwyMiwwLDAsMCwyMDgsMjMuOTQsOCw4LDAsMCwxLDIyNCwyNGMwLDEyLjg2LTguNTIsMzItMzIsMzItNi43LDAtMTEsMi4yOS0xMy42NSw3LjIxQTIyLDIyLDAsMCwwLDE3Niw3Mi4wNiw4LDgsMCwwLDEsMTYwLDcyWk0xMzYsNDBWMTZhOCw4LDAsMCwxLDE2LDBWNDBhOCw4LDAsMCwxLTE2LDBabTEwMS42Niw4Mi4zNGE4LDgsMCwxLDEtMTEuMzIsMTEuMzFsLTE2LTE2YTgsOCwwLDAsMSwxMS4zMi0xMS4zMlptNC44Ny00Mi43NS0yNCw4YTgsOCwwLDAsMS01LjA2LTE1LjE4bDI0LThhOCw4LDAsMCwxLDUuMDYsMTUuMThaIj48L3BhdGg+PC9zdmc+\" alt=\"\"\/><\/figure>\n\n\n\n<div class=\"wp-block-group has-global-padding is-layout-constrained wp-container-core-group-is-layout-dd32767c wp-block-group-is-layout-constrained\">\n<h2 class=\"wp-block-heading has-text-align-center\">An unforgettable experience by the Danube<\/h2>\n\n\n\n<p class=\"has-text-align-center\">Take advantage of our exciting limited-time promotions. Unique and irresistible offers await you!<\/p>\n<\/div>\n\n\n\n<div class=\"wp-block-buttons is-layout-flex wp-block-buttons-is-layout-flex\">\n<div class=\"wp-block-button\"><a class=\"wp-block-button__link wp-element-button\" href=\"https:\/\/golubac-glamping.rs\/en\/%d0%ba%d0%be%d0%bd%d1%82%d0%b0%d0%ba%d1%82\/\">Learn more<\/a><\/div>\n<\/div>\n<\/div>\n<\/div>\n\n\n\n<div class=\"wp-block-group alignfull is-style-ext-preset--group--natural-1--section has-tertiary-background-color has-background has-global-padding is-layout-constrained wp-block-group-is-layout-constrained\" style=\"margin-top:0;margin-bottom:0;padding-top:var(--wp--preset--spacing--70);padding-bottom:var(--wp--preset--spacing--70)\">\n<div class=\"wp-block-media-text alignwide is-stacked-on-mobile is-image-fill-element is-style-ext-preset--media-text--natural-1--card-1 has-background-background-color has-background is-style-ext-preset--media-text--natural-1--card-1--3\" style=\"grid-template-columns:63% auto\"><figure class=\"wp-block-media-text__media\"><img decoding=\"async\" width=\"1024\" height=\"768\" data-src=\"https:\/\/golubac-glamping.rs\/wp-content\/uploads\/2026\/01\/Bungalov-TERRA-Od-svitanja-do-sumraka-2-1024x768.jpg\" alt=\"\" class=\"wp-image-666 size-full lazyload\" style=\"--smush-placeholder-width: 1024px; --smush-placeholder-aspect-ratio: 1024\/768;object-position:50% 50%\" data-srcset=\"https:\/\/golubac-glamping.rs\/wp-content\/uploads\/2026\/01\/Bungalov-TERRA-Od-svitanja-do-sumraka-2-1024x768.jpg 1024w, https:\/\/golubac-glamping.rs\/wp-content\/uploads\/2026\/01\/Bungalov-TERRA-Od-svitanja-do-sumraka-2-300x225.jpg 300w, https:\/\/golubac-glamping.rs\/wp-content\/uploads\/2026\/01\/Bungalov-TERRA-Od-svitanja-do-sumraka-2-768x576.jpg 768w, https:\/\/golubac-glamping.rs\/wp-content\/uploads\/2026\/01\/Bungalov-TERRA-Od-svitanja-do-sumraka-2-1536x1152.jpg 1536w, https:\/\/golubac-glamping.rs\/wp-content\/uploads\/2026\/01\/Bungalov-TERRA-Od-svitanja-do-sumraka-2-2048x1536.jpg 2048w, https:\/\/golubac-glamping.rs\/wp-content\/uploads\/2026\/01\/Bungalov-TERRA-Od-svitanja-do-sumraka-2-16x12.jpg 16w\" data-sizes=\"(max-width: 1024px) 100vw, 1024px\" src=\"data:image\/svg+xml;base64,PHN2ZyB3aWR0aD0iMSIgaGVpZ2h0PSIxIiB4bWxucz0iaHR0cDovL3d3dy53My5vcmcvMjAwMC9zdmciPjwvc3ZnPg==\" \/><\/figure><div class=\"wp-block-media-text__content\">\n<div class=\"wp-block-group alignwide is-vertical is-layout-flex wp-container-core-group-is-layout-53474e87 wp-block-group-is-layout-flex\" style=\"padding-top:var(--wp--preset--spacing--60);padding-bottom:var(--wp--preset--spacing--60)\">\n<div class=\"wp-block-group has-global-padding is-layout-constrained wp-container-core-group-is-layout-812d5580 wp-block-group-is-layout-constrained\" style=\"padding-top:0;padding-right:0;padding-bottom:0;padding-left:0\">\n<h2 class=\"wp-block-heading\">15% discount for early booking!<\/h2>\n\n\n\n<div class=\"wp-block-group is-nowrap is-layout-flex wp-container-core-group-is-layout-6fee25ed wp-block-group-is-layout-flex\" style=\"margin-top:24px;padding-top:0;padding-right:0;padding-bottom:0;padding-left:0\">\n<div class=\"wp-block-group is-nowrap is-layout-flex wp-container-core-group-is-layout-2ca071df wp-block-group-is-layout-flex\" style=\"padding-top:0;padding-right:0;padding-bottom:0;padding-left:0\">\n<figure class=\"wp-block-image size-large wp-container-content-c42f3963 wp-duotone-primary-foreground\"><img decoding=\"async\" src=\"data:image\/svg+xml;base64,PHN2ZyB4bWxucz0iaHR0cDovL3d3dy53My5vcmcvMjAwMC9zdmciIHdpZHRoPSIyNCIgaGVpZ2h0PSIyNCIgZmlsbD0iIzAwMDAwMCIgdmlld0JveD0iMCAwIDI1NiAyNTYiPjxwYXRoIGQ9Ik0yMDgsMzJIMTg0VjI0YTgsOCwwLDAsMC0xNiwwdjhIODhWMjRhOCw4LDAsMCwwLTE2LDB2OEg0OEExNiwxNiwwLDAsMCwzMiw0OFYyMDhhMTYsMTYsMCwwLDAsMTYsMTZIMjA4YTE2LDE2LDAsMCwwLDE2LTE2VjQ4QTE2LDE2LDAsMCwwLDIwOCwzMlpNNzIsNDh2OGE4LDgsMCwwLDAsMTYsMFY0OGg4MHY4YTgsOCwwLDAsMCwxNiwwVjQ4aDI0VjgwSDQ4VjQ4Wk0yMDgsMjA4SDQ4Vjk2SDIwOFYyMDhabS02OC03NmExMiwxMiwwLDEsMS0xMi0xMkExMiwxMiwwLDAsMSwxNDAsMTMyWm00NCwwYTEyLDEyLDAsMSwxLTEyLTEyQTEyLDEyLDAsMCwxLDE4NCwxMzJaTTk2LDE3MmExMiwxMiwwLDEsMS0xMi0xMkExMiwxMiwwLDAsMSw5NiwxNzJabTQ0LDBhMTIsMTIsMCwxLDEtMTItMTJBMTIsMTIsMCwwLDEsMTQwLDE3MlptNDQsMGExMiwxMiwwLDEsMS0xMi0xMkExMiwxMiwwLDAsMSwxODQsMTcyWiI+PC9wYXRoPjwvc3ZnPg==\" alt=\"\"\/><\/figure>\n\n\n\n<p class=\"wp-container-content-9cfa9a5a\" style=\"font-size:clamp(14px, 0.875rem + ((1vw - 3.2px) * 0.417), 18px);\">Date: 01.-28.02.\u201926.<\/p>\n<\/div>\n\n\n\n<div class=\"wp-block-group is-nowrap is-layout-flex wp-container-core-group-is-layout-2ca071df wp-block-group-is-layout-flex\" style=\"padding-top:0;padding-right:0;padding-bottom:0;padding-left:0\">\n<figure class=\"wp-block-image size-large wp-duotone-primary-foreground\"><img decoding=\"async\" src=\"data:image\/svg+xml;base64,PHN2ZyB4bWxucz0iaHR0cDovL3d3dy53My5vcmcvMjAwMC9zdmciIHdpZHRoPSIyNCIgaGVpZ2h0PSIyNCIgZmlsbD0iIzAwMDAwMCIgdmlld0JveD0iMCAwIDI1NiAyNTYiPjxwYXRoIGQ9Ik0xMjgsNjRhNDAsNDAsMCwxLDAsNDAsNDBBNDAsNDAsMCwwLDAsMTI4LDY0Wm0wLDY0YTI0LDI0LDAsMSwxLDI0LTI0QTI0LDI0LDAsMCwxLDEyOCwxMjhabTAtMTEyYTg4LjEsODguMSwwLDAsMC04OCw4OGMwLDMxLjQsMTQuNTEsNjQuNjgsNDIsOTYuMjVhMjU0LjE5LDI1NC4xOSwwLDAsMCw0MS40NSwzOC4zLDgsOCwwLDAsMCw5LjE4LDBBMjU0LjE5LDI1NC4xOSwwLDAsMCwxNzQsMjAwLjI1YzI3LjQ1LTMxLjU3LDQyLTY0Ljg1LDQyLTk2LjI1QTg4LjEsODguMSwwLDAsMCwxMjgsMTZabTAsMjA2Yy0xNi41My0xMy03Mi02MC43NS03Mi0xMThhNzIsNzIsMCwwLDEsMTQ0LDBDMjAwLDE2MS4yMywxNDQuNTMsMjA5LDEyOCwyMjJaIj48L3BhdGg+PC9zdmc+\" alt=\"\"\/><\/figure>\n\n\n\n<p class=\"wp-container-content-9cfa9a5a\" style=\"font-size:clamp(14px, 0.875rem + ((1vw - 3.2px) * 0.417), 18px);\">Place: Golubac<\/p>\n<\/div>\n<\/div>\n\n\n\n<p>For all reservations made through the website www.golubac-glamping.rs or the Instagram page<a href=\"https:\/\/www.instagram.com\/od_svitanja_do_sumraka1\/\" target=\"_blank\" rel=\"noopener\" title=\" &quot;Od svitanja do sumraka&quot;\">\"From dawn to dusk\"<\/a> in the period from 01.02.2026 to 28.02.2026. for LUNA AND TERRA bungalows we offer a 15% DISCOUNT!<\/p>\n\n\n\n<p><strong>*NOTE<\/strong>: Bungalows can be reserved for the period from March 1 to October 1, excluding weekends and holidays.<\/p>\n\n\n\n<p>Welcome!<\/p>\n<\/div>\n\n\n\n<div class=\"wp-block-buttons is-layout-flex wp-block-buttons-is-layout-flex\">\n<div class=\"wp-block-button is-style-ext-preset--button--natural-1--button-1 is-style-ext-preset--button--natural-1--button-1--4\"><a class=\"wp-block-button__link wp-element-button\" href=\"https:\/\/golubac-glamping.rs\/en\/\">Learn more<\/a><\/div>\n<\/div>\n<\/div>\n<\/div><\/div>\n<\/div>\n\n\n\n<div class=\"wp-block-group alignfull is-style-ext-preset--group--natural-1--section has-tertiary-background-color has-background has-global-padding is-layout-constrained wp-block-group-is-layout-constrained\" style=\"margin-top:0;margin-bottom:0;padding-top:var(--wp--preset--spacing--70);padding-bottom:var(--wp--preset--spacing--70)\">\n<div class=\"wp-block-media-text alignwide is-stacked-on-mobile is-image-fill-element is-style-ext-preset--media-text--natural-1--card-1 has-background-background-color has-background is-style-ext-preset--media-text--natural-1--card-1--6\"><figure class=\"wp-block-media-text__media\"><img decoding=\"async\" width=\"813\" height=\"1024\" data-src=\"https:\/\/golubac-glamping.rs\/wp-content\/uploads\/2026\/01\/Firepit-Globac-glamping-Od-svitanja-do-sumraka-2-813x1024.jpg\" alt=\"\" class=\"wp-image-551 size-full lazyload\" style=\"--smush-placeholder-width: 813px; --smush-placeholder-aspect-ratio: 813\/1024;object-position:50% 50%\" data-srcset=\"https:\/\/golubac-glamping.rs\/wp-content\/uploads\/2026\/01\/Firepit-Globac-glamping-Od-svitanja-do-sumraka-2-813x1024.jpg 813w, https:\/\/golubac-glamping.rs\/wp-content\/uploads\/2026\/01\/Firepit-Globac-glamping-Od-svitanja-do-sumraka-2-238x300.jpg 238w, https:\/\/golubac-glamping.rs\/wp-content\/uploads\/2026\/01\/Firepit-Globac-glamping-Od-svitanja-do-sumraka-2-768x967.jpg 768w, https:\/\/golubac-glamping.rs\/wp-content\/uploads\/2026\/01\/Firepit-Globac-glamping-Od-svitanja-do-sumraka-2-1220x1536.jpg 1220w, https:\/\/golubac-glamping.rs\/wp-content\/uploads\/2026\/01\/Firepit-Globac-glamping-Od-svitanja-do-sumraka-2-1626x2048.jpg 1626w, https:\/\/golubac-glamping.rs\/wp-content\/uploads\/2026\/01\/Firepit-Globac-glamping-Od-svitanja-do-sumraka-2-10x12.jpg 10w, https:\/\/golubac-glamping.rs\/wp-content\/uploads\/2026\/01\/Firepit-Globac-glamping-Od-svitanja-do-sumraka-2-scaled.jpg 2033w\" data-sizes=\"(max-width: 813px) 100vw, 813px\" src=\"data:image\/svg+xml;base64,PHN2ZyB3aWR0aD0iMSIgaGVpZ2h0PSIxIiB4bWxucz0iaHR0cDovL3d3dy53My5vcmcvMjAwMC9zdmciPjwvc3ZnPg==\" \/><\/figure><div class=\"wp-block-media-text__content\">\n<div class=\"wp-block-group alignwide is-vertical is-layout-flex wp-container-core-group-is-layout-53474e87 wp-block-group-is-layout-flex\" style=\"padding-top:var(--wp--preset--spacing--60);padding-bottom:var(--wp--preset--spacing--60)\">\n<div class=\"wp-block-group has-global-padding is-layout-constrained wp-container-core-group-is-layout-812d5580 wp-block-group-is-layout-constrained\" style=\"padding-top:0;padding-right:0;padding-bottom:0;padding-left:0\">\n<h2 class=\"wp-block-heading\">Dinner under the stars<\/h2>\n\n\n\n<div class=\"wp-block-group is-nowrap is-layout-flex wp-container-core-group-is-layout-6fee25ed wp-block-group-is-layout-flex\" style=\"margin-top:24px;padding-top:0;padding-right:0;padding-bottom:0;padding-left:0\">\n<div class=\"wp-block-group is-nowrap is-layout-flex wp-container-core-group-is-layout-2ca071df wp-block-group-is-layout-flex\" style=\"padding-top:0;padding-right:0;padding-bottom:0;padding-left:0\">\n<figure class=\"wp-block-image size-large wp-container-content-c42f3963 wp-duotone-primary-foreground\"><img decoding=\"async\" src=\"data:image\/svg+xml;base64,PHN2ZyB4bWxucz0iaHR0cDovL3d3dy53My5vcmcvMjAwMC9zdmciIHdpZHRoPSIyNCIgaGVpZ2h0PSIyNCIgZmlsbD0iIzAwMDAwMCIgdmlld0JveD0iMCAwIDI1NiAyNTYiPjxwYXRoIGQ9Ik0yMDgsMzJIMTg0VjI0YTgsOCwwLDAsMC0xNiwwdjhIODhWMjRhOCw4LDAsMCwwLTE2LDB2OEg0OEExNiwxNiwwLDAsMCwzMiw0OFYyMDhhMTYsMTYsMCwwLDAsMTYsMTZIMjA4YTE2LDE2LDAsMCwwLDE2LTE2VjQ4QTE2LDE2LDAsMCwwLDIwOCwzMlpNNzIsNDh2OGE4LDgsMCwwLDAsMTYsMFY0OGg4MHY4YTgsOCwwLDAsMCwxNiwwVjQ4aDI0VjgwSDQ4VjQ4Wk0yMDgsMjA4SDQ4Vjk2SDIwOFYyMDhabS02OC03NmExMiwxMiwwLDEsMS0xMi0xMkExMiwxMiwwLDAsMSwxNDAsMTMyWm00NCwwYTEyLDEyLDAsMSwxLTEyLTEyQTEyLDEyLDAsMCwxLDE4NCwxMzJaTTk2LDE3MmExMiwxMiwwLDEsMS0xMi0xMkExMiwxMiwwLDAsMSw5NiwxNzJabTQ0LDBhMTIsMTIsMCwxLDEtMTItMTJBMTIsMTIsMCwwLDEsMTQwLDE3MlptNDQsMGExMiwxMiwwLDEsMS0xMi0xMkExMiwxMiwwLDAsMSwxODQsMTcyWiI+PC9wYXRoPjwvc3ZnPg==\" alt=\"\"\/><\/figure>\n\n\n\n<p class=\"wp-container-content-9cfa9a5a\" style=\"font-size:clamp(14px, 0.875rem + ((1vw - 3.2px) * 0.417), 18px);\">Date:<\/p>\n<\/div>\n\n\n\n<div class=\"wp-block-group is-nowrap is-layout-flex wp-container-core-group-is-layout-2ca071df wp-block-group-is-layout-flex\" style=\"padding-top:0;padding-right:0;padding-bottom:0;padding-left:0\">\n<figure class=\"wp-block-image size-large wp-duotone-primary-foreground\"><img decoding=\"async\" src=\"data:image\/svg+xml;base64,PHN2ZyB4bWxucz0iaHR0cDovL3d3dy53My5vcmcvMjAwMC9zdmciIHdpZHRoPSIyNCIgaGVpZ2h0PSIyNCIgZmlsbD0iIzAwMDAwMCIgdmlld0JveD0iMCAwIDI1NiAyNTYiPjxwYXRoIGQ9Ik0xMjgsNjRhNDAsNDAsMCwxLDAsNDAsNDBBNDAsNDAsMCwwLDAsMTI4LDY0Wm0wLDY0YTI0LDI0LDAsMSwxLDI0LTI0QTI0LDI0LDAsMCwxLDEyOCwxMjhabTAtMTEyYTg4LjEsODguMSwwLDAsMC04OCw4OGMwLDMxLjQsMTQuNTEsNjQuNjgsNDIsOTYuMjVhMjU0LjE5LDI1NC4xOSwwLDAsMCw0MS40NSwzOC4zLDgsOCwwLDAsMCw5LjE4LDBBMjU0LjE5LDI1NC4xOSwwLDAsMCwxNzQsMjAwLjI1YzI3LjQ1LTMxLjU3LDQyLTY0Ljg1LDQyLTk2LjI1QTg4LjEsODguMSwwLDAsMCwxMjgsMTZabTAsMjA2Yy0xNi41My0xMy03Mi02MC43NS03Mi0xMThhNzIsNzIsMCwwLDEsMTQ0LDBDMjAwLDE2MS4yMywxNDQuNTMsMjA5LDEyOCwyMjJaIj48L3BhdGg+PC9zdmc+\" alt=\"\"\/><\/figure>\n\n\n\n<p class=\"wp-container-content-9cfa9a5a\" style=\"font-size:clamp(14px, 0.875rem + ((1vw - 3.2px) * 0.417), 18px);\">Place:<\/p>\n<\/div>\n<\/div>\n\n\n\n<p>Enjoy a unique dinner prepared in nature, by the fire of the hearth, in the peace of the starry night. Join this special event and discover the richness of Serbian gastronomic tradition and flavors, while watching the fascinating reflection of the moonlight in the Danube.<\/p>\n<\/div>\n\n\n\n<div class=\"wp-block-buttons is-layout-flex wp-block-buttons-is-layout-flex\">\n<div class=\"wp-block-button is-style-ext-preset--button--natural-1--button-1 is-style-ext-preset--button--natural-1--button-1--7\"><a class=\"wp-block-button__link wp-element-button\" href=\"https:\/\/golubac-glamping.rs\/en\/%d0%b3%d0%b0%d0%bb%d0%b5%d1%80%d0%b8%d1%98%d0%b0\/\">Learn more<\/a><\/div>\n<\/div>\n<\/div>\n<\/div><\/div>\n<\/div>\n\n\n\n<div class=\"wp-block-group alignfull is-style-ext-preset--group--natural-1--section has-background-background-color has-background has-global-padding is-layout-constrained wp-container-core-group-is-layout-f72f1611 wp-block-group-is-layout-constrained\" id=\"galerija\" style=\"margin-top:0;margin-bottom:0;padding-top:var(--wp--preset--spacing--70);padding-bottom:var(--wp--preset--spacing--70)\">\n<div class=\"wp-block-group alignwide is-vertical is-layout-flex wp-container-core-group-is-layout-c35747d5 wp-block-group-is-layout-flex\">\n<div class=\"wp-block-group has-global-padding is-layout-constrained wp-container-core-group-is-layout-5e05634a wp-block-group-is-layout-constrained\">\n<h2 class=\"wp-block-heading\">Glamping in the embrace of nature and the Danube<\/h2>\n\n\n\n<p class=\"has-text-align-left\">In ours <a href=\"https:\/\/golubac-glamping.rs\/en\/smestaj-u-golupcu-glamping-na-dunavu\/\" target=\"_blank\" rel=\"noopener\" title=\"accommodation complex\">accommodation complex<\/a> you will find a unique combination of comfort and ecological responsibility with the natural environment.<\/p>\n<\/div>\n<\/div>\n\n\n\n<div class=\"wp-block-columns alignwide is-layout-flex wp-container-core-columns-is-layout-87beb0d0 wp-block-columns-is-layout-flex\">\n<div class=\"wp-block-column is-vertically-aligned-stretch is-layout-flow wp-container-core-column-is-layout-f5bb311e wp-block-column-is-layout-flow\" style=\"flex-basis:50%\">\n<div class=\"wp-block-cover is-light is-style-ext-preset--image--natural-1--image-1--content-top is-style-ext-preset--image--natural-1--image-1--content-top--9\" style=\"padding-top:0;padding-bottom:0;min-height:100%;aspect-ratio:unset;\"><img decoding=\"async\" width=\"1024\" height=\"768\" class=\"wp-block-cover__image-background wp-image-554 size-large lazyload\" alt=\"\" data-src=\"https:\/\/golubac-glamping.rs\/wp-content\/uploads\/2026\/01\/Firepit-pogled-na-Golubac-i-Dunav-Od-svitanja-do-sumraka-1024x768.jpg\" data-object-fit=\"cover\" data-srcset=\"https:\/\/golubac-glamping.rs\/wp-content\/uploads\/2026\/01\/Firepit-pogled-na-Golubac-i-Dunav-Od-svitanja-do-sumraka-1024x768.jpg 1024w, https:\/\/golubac-glamping.rs\/wp-content\/uploads\/2026\/01\/Firepit-pogled-na-Golubac-i-Dunav-Od-svitanja-do-sumraka-300x225.jpg 300w, https:\/\/golubac-glamping.rs\/wp-content\/uploads\/2026\/01\/Firepit-pogled-na-Golubac-i-Dunav-Od-svitanja-do-sumraka-768x576.jpg 768w, https:\/\/golubac-glamping.rs\/wp-content\/uploads\/2026\/01\/Firepit-pogled-na-Golubac-i-Dunav-Od-svitanja-do-sumraka-1536x1152.jpg 1536w, https:\/\/golubac-glamping.rs\/wp-content\/uploads\/2026\/01\/Firepit-pogled-na-Golubac-i-Dunav-Od-svitanja-do-sumraka-2048x1536.jpg 2048w, https:\/\/golubac-glamping.rs\/wp-content\/uploads\/2026\/01\/Firepit-pogled-na-Golubac-i-Dunav-Od-svitanja-do-sumraka-16x12.jpg 16w\" data-sizes=\"(max-width: 1024px) 100vw, 1024px\" src=\"data:image\/svg+xml;base64,PHN2ZyB3aWR0aD0iMSIgaGVpZ2h0PSIxIiB4bWxucz0iaHR0cDovL3d3dy53My5vcmcvMjAwMC9zdmciPjwvc3ZnPg==\" style=\"--smush-placeholder-width: 1024px; --smush-placeholder-aspect-ratio: 1024\/768;\" \/><span aria-hidden=\"true\" class=\"wp-block-cover__background has-background-dim-0 has-background-dim\" style=\"background-color:#929a98\"><\/span><div class=\"wp-block-cover__inner-container is-layout-flow wp-block-cover-is-layout-flow\">\n<div style=\"height:240px\" aria-hidden=\"true\" class=\"wp-block-spacer\"><\/div>\n<\/div><\/div>\n<\/div>\n\n\n\n<div class=\"wp-block-column is-vertically-aligned-top is-layout-flow wp-container-core-column-is-layout-f5bb311e wp-block-column-is-layout-flow\">\n<figure class=\"wp-block-image size-large is-style-ext-preset--image--natural-1--image-1--content-top is-style-ext-preset--image--natural-1--image-1--content-top--10\"><img decoding=\"async\" width=\"1024\" height=\"768\" data-src=\"https:\/\/golubac-glamping.rs\/wp-content\/uploads\/2026\/01\/Bungalov-TERRA-Od-svitanja-do-sumraka-1024x768.jpg\" alt=\"\" class=\"wp-image-555 lazyload\" style=\"--smush-placeholder-width: 1024px; --smush-placeholder-aspect-ratio: 1024\/768;aspect-ratio:1;object-fit:cover\" data-srcset=\"https:\/\/golubac-glamping.rs\/wp-content\/uploads\/2026\/01\/Bungalov-TERRA-Od-svitanja-do-sumraka-1024x768.jpg 1024w, https:\/\/golubac-glamping.rs\/wp-content\/uploads\/2026\/01\/Bungalov-TERRA-Od-svitanja-do-sumraka-300x225.jpg 300w, https:\/\/golubac-glamping.rs\/wp-content\/uploads\/2026\/01\/Bungalov-TERRA-Od-svitanja-do-sumraka-768x576.jpg 768w, https:\/\/golubac-glamping.rs\/wp-content\/uploads\/2026\/01\/Bungalov-TERRA-Od-svitanja-do-sumraka-1536x1152.jpg 1536w, https:\/\/golubac-glamping.rs\/wp-content\/uploads\/2026\/01\/Bungalov-TERRA-Od-svitanja-do-sumraka-2048x1536.jpg 2048w, https:\/\/golubac-glamping.rs\/wp-content\/uploads\/2026\/01\/Bungalov-TERRA-Od-svitanja-do-sumraka-16x12.jpg 16w\" data-sizes=\"(max-width: 1024px) 100vw, 1024px\" src=\"data:image\/svg+xml;base64,PHN2ZyB3aWR0aD0iMSIgaGVpZ2h0PSIxIiB4bWxucz0iaHR0cDovL3d3dy53My5vcmcvMjAwMC9zdmciPjwvc3ZnPg==\" \/><\/figure>\n\n\n\n<figure class=\"wp-block-image size-large is-style-ext-preset--image--natural-1--image-1--content-top is-style-ext-preset--image--natural-1--image-1--content-top--11\"><img decoding=\"async\" width=\"768\" height=\"1024\" data-src=\"https:\/\/golubac-glamping.rs\/wp-content\/uploads\/2026\/01\/Rucak-pored-Dunava-Golubac-glamping-768x1024.jpg\" alt=\"\" class=\"wp-image-557 lazyload\" style=\"--smush-placeholder-width: 768px; --smush-placeholder-aspect-ratio: 768\/1024;aspect-ratio:1;object-fit:cover\" data-srcset=\"https:\/\/golubac-glamping.rs\/wp-content\/uploads\/2026\/01\/Rucak-pored-Dunava-Golubac-glamping-768x1024.jpg 768w, https:\/\/golubac-glamping.rs\/wp-content\/uploads\/2026\/01\/Rucak-pored-Dunava-Golubac-glamping-225x300.jpg 225w, https:\/\/golubac-glamping.rs\/wp-content\/uploads\/2026\/01\/Rucak-pored-Dunava-Golubac-glamping-1152x1536.jpg 1152w, https:\/\/golubac-glamping.rs\/wp-content\/uploads\/2026\/01\/Rucak-pored-Dunava-Golubac-glamping-1536x2048.jpg 1536w, https:\/\/golubac-glamping.rs\/wp-content\/uploads\/2026\/01\/Rucak-pored-Dunava-Golubac-glamping-9x12.jpg 9w, https:\/\/golubac-glamping.rs\/wp-content\/uploads\/2026\/01\/Rucak-pored-Dunava-Golubac-glamping-scaled.jpg 1920w\" data-sizes=\"(max-width: 768px) 100vw, 768px\" src=\"data:image\/svg+xml;base64,PHN2ZyB3aWR0aD0iMSIgaGVpZ2h0PSIxIiB4bWxucz0iaHR0cDovL3d3dy53My5vcmcvMjAwMC9zdmciPjwvc3ZnPg==\" \/><\/figure>\n<\/div>\n\n\n\n<div class=\"wp-block-column is-vertically-aligned-top is-layout-flow wp-container-core-column-is-layout-f5bb311e wp-block-column-is-layout-flow\">\n<figure class=\"wp-block-image size-large is-style-ext-preset--image--natural-1--image-1--content-top is-style-ext-preset--image--natural-1--image-1--content-top--12\"><img decoding=\"async\" width=\"1024\" height=\"768\" data-src=\"https:\/\/golubac-glamping.rs\/wp-content\/uploads\/2026\/01\/Firepit2-LUNA-I-TERRA-Od-svitanja-do-sumraka-1024x768.jpg\" alt=\"\" class=\"wp-image-556 lazyload\" style=\"--smush-placeholder-width: 1024px; --smush-placeholder-aspect-ratio: 1024\/768;aspect-ratio:1;object-fit:cover\" data-srcset=\"https:\/\/golubac-glamping.rs\/wp-content\/uploads\/2026\/01\/Firepit2-LUNA-I-TERRA-Od-svitanja-do-sumraka-1024x768.jpg 1024w, https:\/\/golubac-glamping.rs\/wp-content\/uploads\/2026\/01\/Firepit2-LUNA-I-TERRA-Od-svitanja-do-sumraka-300x225.jpg 300w, https:\/\/golubac-glamping.rs\/wp-content\/uploads\/2026\/01\/Firepit2-LUNA-I-TERRA-Od-svitanja-do-sumraka-768x576.jpg 768w, https:\/\/golubac-glamping.rs\/wp-content\/uploads\/2026\/01\/Firepit2-LUNA-I-TERRA-Od-svitanja-do-sumraka-1536x1152.jpg 1536w, https:\/\/golubac-glamping.rs\/wp-content\/uploads\/2026\/01\/Firepit2-LUNA-I-TERRA-Od-svitanja-do-sumraka-2048x1536.jpg 2048w, https:\/\/golubac-glamping.rs\/wp-content\/uploads\/2026\/01\/Firepit2-LUNA-I-TERRA-Od-svitanja-do-sumraka-16x12.jpg 16w\" data-sizes=\"(max-width: 1024px) 100vw, 1024px\" src=\"data:image\/svg+xml;base64,PHN2ZyB3aWR0aD0iMSIgaGVpZ2h0PSIxIiB4bWxucz0iaHR0cDovL3d3dy53My5vcmcvMjAwMC9zdmciPjwvc3ZnPg==\" \/><\/figure>\n\n\n\n<figure class=\"wp-block-image size-large is-style-ext-preset--image--natural-1--image-1--content-top is-style-ext-preset--image--natural-1--image-1--content-top--13\"><img decoding=\"async\" width=\"1024\" height=\"826\" data-src=\"https:\/\/golubac-glamping.rs\/wp-content\/uploads\/2026\/01\/Pergola-Od-svitanja-do-sumraka-Golubac-2-1024x826.jpg\" alt=\"\" class=\"wp-image-558 lazyload\" style=\"--smush-placeholder-width: 1024px; --smush-placeholder-aspect-ratio: 1024\/826;aspect-ratio:1;object-fit:cover\" data-srcset=\"https:\/\/golubac-glamping.rs\/wp-content\/uploads\/2026\/01\/Pergola-Od-svitanja-do-sumraka-Golubac-2-1024x826.jpg 1024w, https:\/\/golubac-glamping.rs\/wp-content\/uploads\/2026\/01\/Pergola-Od-svitanja-do-sumraka-Golubac-2-300x242.jpg 300w, https:\/\/golubac-glamping.rs\/wp-content\/uploads\/2026\/01\/Pergola-Od-svitanja-do-sumraka-Golubac-2-768x619.jpg 768w, https:\/\/golubac-glamping.rs\/wp-content\/uploads\/2026\/01\/Pergola-Od-svitanja-do-sumraka-Golubac-2-1536x1239.jpg 1536w, https:\/\/golubac-glamping.rs\/wp-content\/uploads\/2026\/01\/Pergola-Od-svitanja-do-sumraka-Golubac-2-2048x1651.jpg 2048w, https:\/\/golubac-glamping.rs\/wp-content\/uploads\/2026\/01\/Pergola-Od-svitanja-do-sumraka-Golubac-2-15x12.jpg 15w\" data-sizes=\"(max-width: 1024px) 100vw, 1024px\" src=\"data:image\/svg+xml;base64,PHN2ZyB3aWR0aD0iMSIgaGVpZ2h0PSIxIiB4bWxucz0iaHR0cDovL3d3dy53My5vcmcvMjAwMC9zdmciPjwvc3ZnPg==\" \/><\/figure>\n<\/div>\n<\/div>\n<\/div>","protected":false},"excerpt":{"rendered":"<p>Nezaboravno iskustvo kraj Dunava Iskoristite na\u0161e uzbudljive promocije ograni\u010denog trajanja. \u010cekaju vas jedinstvene i neodoljive ponude! Popust 15% za rani buking! Datum: 01.-28.02.&#8217;26. Mesto: Golubac Za sve rezervacije ostvarene putem web-sajta www.golubac-glamping.rs ili Instagram strane&#8222;Od svitanja do sumraka&#8220; u periodu od 01. do 28.02.2026. za bungalove LUNA I TERRA odbravamo POPUST od 15%! *NAPOMENA: Bungalovi [&hellip;]<\/p>","protected":false},"author":1,"featured_media":0,"parent":0,"menu_order":0,"comment_status":"closed","ping_status":"closed","template":"page-with-title","meta":{"om_disable_all_campaigns":false,"_monsterinsights_skip_tracking":false,"_monsterinsights_sitenote_active":false,"_monsterinsights_sitenote_note":"","_monsterinsights_sitenote_category":0,"footnotes":""},"class_list":["post-233","page","type-page","status-publish","hentry"],"aioseo_notices":[],"_links":{"self":[{"href":"https:\/\/golubac-glamping.rs\/en\/wp-json\/wp\/v2\/pages\/233","targetHints":{"allow":["GET"]}}],"collection":[{"href":"https:\/\/golubac-glamping.rs\/en\/wp-json\/wp\/v2\/pages"}],"about":[{"href":"https:\/\/golubac-glamping.rs\/en\/wp-json\/wp\/v2\/types\/page"}],"author":[{"embeddable":true,"href":"https:\/\/golubac-glamping.rs\/en\/wp-json\/wp\/v2\/users\/1"}],"replies":[{"embeddable":true,"href":"https:\/\/golubac-glamping.rs\/en\/wp-json\/wp\/v2\/comments?post=233"}],"version-history":[{"count":17,"href":"https:\/\/golubac-glamping.rs\/en\/wp-json\/wp\/v2\/pages\/233\/revisions"}],"predecessor-version":[{"id":688,"href":"https:\/\/golubac-glamping.rs\/en\/wp-json\/wp\/v2\/pages\/233\/revisions\/688"}],"wp:attachment":[{"href":"https:\/\/golubac-glamping.rs\/en\/wp-json\/wp\/v2\/media?parent=233"}],"curies":[{"name":"wp","href":"https:\/\/api.w.org\/{rel}","templated":true}]}}