{"id":675,"date":"2026-02-02T17:28:28","date_gmt":"2026-02-02T16:28:28","guid":{"rendered":"https:\/\/golubac-glamping.rs\/?page_id=675"},"modified":"2026-02-02T19:25:39","modified_gmt":"2026-02-02T18:25:39","slug":"smestaj-u-golupcu-glamping-na-dunavu","status":"publish","type":"page","link":"https:\/\/golubac-glamping.rs\/en\/smestaj-u-golupcu-glamping-na-dunavu\/","title":{"rendered":"Accommodation in Golubac - Glamping on the Danube"},"content":{"rendered":"<p>Why glamping in our \"Dawn to Dusk\" bungalows?<\/p>\n\n\n\n<p>Glamping (a fusion of glamor and camping) is popular because it offers&nbsp;<strong>authentic accommodation in untouched nature without sacrificing comfort<\/strong>, providing comfortable beds, private bathrooms and electricity from solar panels, amidst natural surroundings. It is ideal for a modern \"battery recharge\", an escape from the hustle and bustle of the city, a romantic getaway or a unique \"Instagram\" experience with a high level of service.&nbsp;<\/p>\n\n\n\n<p><strong>Key reasons why to choose instead of the traditional one <a href=\"https:\/\/golubac-glamping.rs\/en\/\" target=\"_blank\" rel=\"noopener\" title=\"glamping:\">glamping<\/a><\/strong>accommodation:<\/p>\n\n\n\n<ul class=\"wp-block-list\">\n<li><strong>Comfort in nature:<\/strong>\u00a0No pitching of tents, sleeping bags or cold pads. Glamping offers real beds with bedding as well as heating\/cooling.<\/li>\n\n\n\n<li><strong>Connection with nature:<\/strong>\u00a0It provides a camping experience - a view of the starry sky, clean air and chirping birds, but with the luxury of a hotel room.<\/li>\n\n\n\n<li><strong>Ecological approach<\/strong>\u00a0We use sustainable materials, solar panels and well water, which will appeal to you if you are an environmentally-minded traveler.<\/li>\n\n\n\n<li><strong>Unique locations:<\/strong>\u00a0The accommodation (bungalows) is in an unusual place, which is visually extremely attractive. With the accommodation, you can use the fireplace\/firepit where you can spend unforgettable evenings with the crackling of the fire and the glow of the stars.<\/li>\n\n\n\n<li><strong>Pogodnosti:<\/strong>\u00a0Struja (iz solarnih panela), besplatan Wi-Fi, doru\u010dak na terasi.<\/li>\n<\/ul>\n\n\n\n<p>While traditional camping is focused on getting around, <a href=\"https:\/\/golubac-glamping.rs\/en\/\" target=\"_blank\" rel=\"noopener\" title=\"glamping adapts nature to man, making vacations in nature more affordable and luxurious.\">glamping adapts nature to man, making vacations in nature more affordable and luxurious.<\/a>&nbsp;<\/p>\n\n\n\n<figure class=\"wp-block-image size-large\"><img decoding=\"async\" width=\"1024\" height=\"655\" data-src=\"https:\/\/golubac-glamping.rs\/wp-content\/uploads\/2026\/02\/Pogled-preko-ognjista-firepita-na-Golubac-i-Dunav-1-1024x655.jpg\" alt=\"\" class=\"wp-image-677 lazyload\" data-srcset=\"https:\/\/golubac-glamping.rs\/wp-content\/uploads\/2026\/02\/Pogled-preko-ognjista-firepita-na-Golubac-i-Dunav-1-1024x655.jpg 1024w, https:\/\/golubac-glamping.rs\/wp-content\/uploads\/2026\/02\/Pogled-preko-ognjista-firepita-na-Golubac-i-Dunav-1-300x192.jpg 300w, https:\/\/golubac-glamping.rs\/wp-content\/uploads\/2026\/02\/Pogled-preko-ognjista-firepita-na-Golubac-i-Dunav-1-768x491.jpg 768w, https:\/\/golubac-glamping.rs\/wp-content\/uploads\/2026\/02\/Pogled-preko-ognjista-firepita-na-Golubac-i-Dunav-1-1536x983.jpg 1536w, https:\/\/golubac-glamping.rs\/wp-content\/uploads\/2026\/02\/Pogled-preko-ognjista-firepita-na-Golubac-i-Dunav-1-2048x1310.jpg 2048w, https:\/\/golubac-glamping.rs\/wp-content\/uploads\/2026\/02\/Pogled-preko-ognjista-firepita-na-Golubac-i-Dunav-1-18x12.jpg 18w\" data-sizes=\"(max-width: 1024px) 100vw, 1024px\" src=\"data:image\/svg+xml;base64,PHN2ZyB3aWR0aD0iMSIgaGVpZ2h0PSIxIiB4bWxucz0iaHR0cDovL3d3dy53My5vcmcvMjAwMC9zdmciPjwvc3ZnPg==\" style=\"--smush-placeholder-width: 1024px; --smush-placeholder-aspect-ratio: 1024\/655;\" \/><\/figure>","protected":false},"excerpt":{"rendered":"<p>Za\u0161to glamping u na\u0161im bungalovima &#8222;Od svitanja do sumraka&#8220;? Glamping (spoj glamura i kampovanja)&nbsp;je popularan jer nudi&nbsp;autenti\u010dan sme\u0161taj u netaknutoj prirodi bez odricanja od komfora, pru\u017eaju\u0107i udobne krevete, privatna kupatila i struju sa solarnih panela, usred prirodnog okru\u017eenja. Idealan je za moderno &#8222;punjenje baterija&#8220;, bekstvo od gradske vreve, romanti\u010dne begove ili jedinstveno &#8222;instagrami\u010dno&#8220; iskustvo uz [&hellip;]<\/p>","protected":false},"author":1,"featured_media":0,"parent":0,"menu_order":0,"comment_status":"closed","ping_status":"closed","template":"page-with-title","meta":{"om_disable_all_campaigns":false,"_monsterinsights_skip_tracking":false,"_monsterinsights_sitenote_active":false,"_monsterinsights_sitenote_note":"","_monsterinsights_sitenote_category":0,"footnotes":""},"class_list":["post-675","page","type-page","status-publish","hentry"],"aioseo_notices":[],"_links":{"self":[{"href":"https:\/\/golubac-glamping.rs\/en\/wp-json\/wp\/v2\/pages\/675","targetHints":{"allow":["GET"]}}],"collection":[{"href":"https:\/\/golubac-glamping.rs\/en\/wp-json\/wp\/v2\/pages"}],"about":[{"href":"https:\/\/golubac-glamping.rs\/en\/wp-json\/wp\/v2\/types\/page"}],"author":[{"embeddable":true,"href":"https:\/\/golubac-glamping.rs\/en\/wp-json\/wp\/v2\/users\/1"}],"replies":[{"embeddable":true,"href":"https:\/\/golubac-glamping.rs\/en\/wp-json\/wp\/v2\/comments?post=675"}],"version-history":[{"count":2,"href":"https:\/\/golubac-glamping.rs\/en\/wp-json\/wp\/v2\/pages\/675\/revisions"}],"predecessor-version":[{"id":690,"href":"https:\/\/golubac-glamping.rs\/en\/wp-json\/wp\/v2\/pages\/675\/revisions\/690"}],"wp:attachment":[{"href":"https:\/\/golubac-glamping.rs\/en\/wp-json\/wp\/v2\/media?parent=675"}],"curies":[{"name":"wp","href":"https:\/\/api.w.org\/{rel}","templated":true}]}}